{"id":618,"date":"2018-11-25T11:12:10","date_gmt":"2018-11-25T10:12:10","guid":{"rendered":"http:\/\/www.noela.si\/?post_type=product&#038;p=618"},"modified":"2025-03-17T23:04:45","modified_gmt":"2025-03-17T22:04:45","slug":"noela-body-250-ml","status":"publish","type":"product","link":"https:\/\/www.noela.si\/de\/produkt\/noela-body-250-ml\/","title":{"rendered":"Noela Body, 250 ml"},"content":{"rendered":"","protected":false},"excerpt":{"rendered":"<p>Diese K\u00f6rpercreme ist das <strong>neuste Produkt<\/strong> in der <strong>Noela-Linie<\/strong>. Der wichtigste und Hauptinhaltsstoff bleibt der <strong>Schneckenschleim<\/strong>, der die Haut nachweislich wohltuend pflegt, ausgiebig befeuchtet und regeneriert.<\/p>\n<p>Der Noela Body f\u00fcgen wir <strong>40 Prozent<\/strong> des <strong>hochwertigsten Schneckenschleims<\/strong> hinzu \u2013 denn auch Ihr K\u00f6rper verdient die bestm\u00f6gliche Pflege. Die reichhaltige Textur der Creme zieht gut ein, fettet nicht und spendet ausgiebig Feuchtigkeit, pflegt die Haut und macht sie seidig. Noela Body verj\u00fcngert Ihr gr\u00f6\u00dftes Organ. <strong>Ausgezeichnet auch f\u00fcr trockene Haut<\/strong>.<\/p>\n","protected":false},"featured_media":12139,"comment_status":"open","ping_status":"closed","template":"","meta":{"inline_featured_image":false},"product_brand":[],"product_cat":[37],"product_tag":[],"class_list":{"0":"post-618","1":"product","2":"type-product","3":"status-publish","4":"has-post-thumbnail","6":"product_cat-produkte","9":"instock","10":"taxable","11":"shipping-taxable","12":"purchasable","13":"product-type-simple"},"yoast_head":"<!-- This site is optimized with the Yoast SEO plugin v21.9 - https:\/\/yoast.com\/wordpress\/plugins\/seo\/ -->\n<title>Noela Body, 250 ml - Noela<\/title>\n<meta name=\"robots\" content=\"index, follow, max-snippet:-1, max-image-preview:large, max-video-preview:-1\" \/>\n<link rel=\"canonical\" href=\"https:\/\/www.noela.si\/de\/produkt\/noela-body-250-ml\/\" \/>\n<meta property=\"og:locale\" content=\"de_DE\" \/>\n<meta property=\"og:type\" content=\"article\" \/>\n<meta property=\"og:title\" content=\"Noela Body, 250 ml - Noela\" \/>\n<meta property=\"og:description\" content=\"Diese K\u00f6rpercreme ist das neuste Produkt in der Noela-Linie. Der wichtigste und Hauptinhaltsstoff bleibt der Schneckenschleim, der die Haut nachweislich wohltuend pflegt, ausgiebig befeuchtet und regeneriert.  Der Noela Body f\u00fcgen wir 40 Prozent des hochwertigsten Schneckenschleims hinzu \u2013 denn auch Ihr K\u00f6rper verdient die bestm\u00f6gliche Pflege. Die reichhaltige Textur der Creme zieht gut ein, fettet nicht und spendet ausgiebig Feuchtigkeit, pflegt die Haut und macht sie seidig. Noela Body verj\u00fcngert Ihr gr\u00f6\u00dftes Organ. Ausgezeichnet auch f\u00fcr trockene Haut.\" \/>\n<meta property=\"og:url\" content=\"https:\/\/www.noela.si\/de\/produkt\/noela-body-250-ml\/\" \/>\n<meta property=\"og:site_name\" content=\"Noela\" \/>\n<meta property=\"article:modified_time\" content=\"2025-03-17T22:04:45+00:00\" \/>\n<meta property=\"og:image\" content=\"https:\/\/www.noela.si\/wp-content\/uploads\/2018\/11\/noela-body.webp\" \/>\n\t<meta property=\"og:image:width\" content=\"800\" \/>\n\t<meta property=\"og:image:height\" content=\"800\" \/>\n\t<meta property=\"og:image:type\" content=\"image\/webp\" \/>\n<meta name=\"twitter:card\" content=\"summary_large_image\" \/>\n<meta name=\"twitter:label1\" content=\"Gesch\u00e4tzte Lesezeit\" \/>\n\t<meta name=\"twitter:data1\" content=\"1\u00a0Minute\" \/>\n<script type=\"application\/ld+json\" class=\"yoast-schema-graph\">{\"@context\":\"https:\/\/schema.org\",\"@graph\":[{\"@type\":\"WebPage\",\"@id\":\"https:\/\/www.noela.si\/de\/produkt\/noela-body-250-ml\/\",\"url\":\"https:\/\/www.noela.si\/de\/produkt\/noela-body-250-ml\/\",\"name\":\"Noela Body, 250 ml - Noela\",\"isPartOf\":{\"@id\":\"https:\/\/www.noela.si\/de\/#website\"},\"datePublished\":\"2018-11-25T10:12:10+00:00\",\"dateModified\":\"2025-03-17T22:04:45+00:00\",\"breadcrumb\":{\"@id\":\"https:\/\/www.noela.si\/de\/produkt\/noela-body-250-ml\/#breadcrumb\"},\"inLanguage\":\"de\",\"potentialAction\":[{\"@type\":\"ReadAction\",\"target\":[\"https:\/\/www.noela.si\/de\/produkt\/noela-body-250-ml\/\"]}]},{\"@type\":\"BreadcrumbList\",\"@id\":\"https:\/\/www.noela.si\/de\/produkt\/noela-body-250-ml\/#breadcrumb\",\"itemListElement\":[{\"@type\":\"ListItem\",\"position\":1,\"name\":\"Home\",\"item\":\"https:\/\/www.noela.si\/de\/\"},{\"@type\":\"ListItem\",\"position\":2,\"name\":\"Produkte\",\"item\":\"https:\/\/www.noela.si\/de\/produkte\/\"},{\"@type\":\"ListItem\",\"position\":3,\"name\":\"Noela Body, 250 ml\"}]},{\"@type\":\"WebSite\",\"@id\":\"https:\/\/www.noela.si\/de\/#website\",\"url\":\"https:\/\/www.noela.si\/de\/\",\"name\":\"Noela\",\"description\":\"Krema s pol\u017ejo slino\",\"potentialAction\":[{\"@type\":\"SearchAction\",\"target\":{\"@type\":\"EntryPoint\",\"urlTemplate\":\"https:\/\/www.noela.si\/de\/?s={search_term_string}\"},\"query-input\":\"required name=search_term_string\"}],\"inLanguage\":\"de\"}]}<\/script>\n<!-- \/ Yoast SEO plugin. -->","yoast_head_json":{"title":"Noela Body, 250 ml - Noela","robots":{"index":"index","follow":"follow","max-snippet":"max-snippet:-1","max-image-preview":"max-image-preview:large","max-video-preview":"max-video-preview:-1"},"canonical":"https:\/\/www.noela.si\/de\/produkt\/noela-body-250-ml\/","og_locale":"de_DE","og_type":"article","og_title":"Noela Body, 250 ml - Noela","og_description":"Diese K\u00f6rpercreme ist das neuste Produkt in der Noela-Linie. Der wichtigste und Hauptinhaltsstoff bleibt der Schneckenschleim, der die Haut nachweislich wohltuend pflegt, ausgiebig befeuchtet und regeneriert.  Der Noela Body f\u00fcgen wir 40 Prozent des hochwertigsten Schneckenschleims hinzu \u2013 denn auch Ihr K\u00f6rper verdient die bestm\u00f6gliche Pflege. Die reichhaltige Textur der Creme zieht gut ein, fettet nicht und spendet ausgiebig Feuchtigkeit, pflegt die Haut und macht sie seidig. Noela Body verj\u00fcngert Ihr gr\u00f6\u00dftes Organ. Ausgezeichnet auch f\u00fcr trockene Haut.","og_url":"https:\/\/www.noela.si\/de\/produkt\/noela-body-250-ml\/","og_site_name":"Noela","article_modified_time":"2025-03-17T22:04:45+00:00","og_image":[{"width":800,"height":800,"url":"https:\/\/www.noela.si\/wp-content\/uploads\/2018\/11\/noela-body.webp","type":"image\/webp"}],"twitter_card":"summary_large_image","twitter_misc":{"Gesch\u00e4tzte Lesezeit":"1\u00a0Minute"},"schema":{"@context":"https:\/\/schema.org","@graph":[{"@type":"WebPage","@id":"https:\/\/www.noela.si\/de\/produkt\/noela-body-250-ml\/","url":"https:\/\/www.noela.si\/de\/produkt\/noela-body-250-ml\/","name":"Noela Body, 250 ml - Noela","isPartOf":{"@id":"https:\/\/www.noela.si\/de\/#website"},"datePublished":"2018-11-25T10:12:10+00:00","dateModified":"2025-03-17T22:04:45+00:00","breadcrumb":{"@id":"https:\/\/www.noela.si\/de\/produkt\/noela-body-250-ml\/#breadcrumb"},"inLanguage":"de","potentialAction":[{"@type":"ReadAction","target":["https:\/\/www.noela.si\/de\/produkt\/noela-body-250-ml\/"]}]},{"@type":"BreadcrumbList","@id":"https:\/\/www.noela.si\/de\/produkt\/noela-body-250-ml\/#breadcrumb","itemListElement":[{"@type":"ListItem","position":1,"name":"Home","item":"https:\/\/www.noela.si\/de\/"},{"@type":"ListItem","position":2,"name":"Produkte","item":"https:\/\/www.noela.si\/de\/produkte\/"},{"@type":"ListItem","position":3,"name":"Noela Body, 250 ml"}]},{"@type":"WebSite","@id":"https:\/\/www.noela.si\/de\/#website","url":"https:\/\/www.noela.si\/de\/","name":"Noela","description":"Krema s pol\u017ejo slino","potentialAction":[{"@type":"SearchAction","target":{"@type":"EntryPoint","urlTemplate":"https:\/\/www.noela.si\/de\/?s={search_term_string}"},"query-input":"required name=search_term_string"}],"inLanguage":"de"}]}},"_links":{"self":[{"href":"https:\/\/www.noela.si\/de\/wp-json\/wp\/v2\/product\/618","targetHints":{"allow":["GET"]}}],"collection":[{"href":"https:\/\/www.noela.si\/de\/wp-json\/wp\/v2\/product"}],"about":[{"href":"https:\/\/www.noela.si\/de\/wp-json\/wp\/v2\/types\/product"}],"replies":[{"embeddable":true,"href":"https:\/\/www.noela.si\/de\/wp-json\/wp\/v2\/comments?post=618"}],"wp:featuredmedia":[{"embeddable":true,"href":"https:\/\/www.noela.si\/de\/wp-json\/wp\/v2\/media\/12139"}],"wp:attachment":[{"href":"https:\/\/www.noela.si\/de\/wp-json\/wp\/v2\/media?parent=618"}],"wp:term":[{"taxonomy":"product_brand","embeddable":true,"href":"https:\/\/www.noela.si\/de\/wp-json\/wp\/v2\/product_brand?post=618"},{"taxonomy":"product_cat","embeddable":true,"href":"https:\/\/www.noela.si\/de\/wp-json\/wp\/v2\/product_cat?post=618"},{"taxonomy":"product_tag","embeddable":true,"href":"https:\/\/www.noela.si\/de\/wp-json\/wp\/v2\/product_tag?post=618"}],"curies":[{"name":"wp","href":"https:\/\/api.w.org\/{rel}","templated":true}]}}